{"id":12452,"date":"2021-05-29T11:04:36","date_gmt":"2021-05-29T09:04:36","guid":{"rendered":"https:\/\/unitatdaran.org\/que-es-ua\/principis-i-valors\/"},"modified":"2024-10-16T19:07:36","modified_gmt":"2024-10-16T17:07:36","slug":"principis-i-valors","status":"publish","type":"page","link":"https:\/\/unitatdaran.org\/ca\/que-es-ua\/principis-i-valors\/","title":{"rendered":"Principis i valors"},"content":{"rendered":"\t\t<div data-elementor-type=\"wp-page\" data-elementor-id=\"12452\" class=\"elementor elementor-12452 elementor-8354\" data-elementor-post-type=\"page\">\n\t\t\t\t\t\t<section class=\"has_eae_slider elementor-section elementor-top-section elementor-element elementor-element-57602484 elementor-section-boxed elementor-section-height-default elementor-section-height-default\" data-eae-slider=\"70512\" data-id=\"57602484\" data-element_type=\"section\" data-e-type=\"section\">\n\t\t\t\t\t\t<div class=\"elementor-container elementor-column-gap-default\">\n\t\t\t\t\t<div class=\"has_eae_slider elementor-column elementor-col-100 elementor-top-column elementor-element elementor-element-76d373a5\" data-eae-slider=\"86795\" data-id=\"76d373a5\" data-element_type=\"column\" data-e-type=\"column\">\n\t\t\t<div class=\"elementor-widget-wrap elementor-element-populated\">\n\t\t\t\t\t\t<div class=\"elementor-element elementor-element-14c1b912 elementor-widget elementor-widget-text-editor\" data-id=\"14c1b912\" data-element_type=\"widget\" data-e-type=\"widget\" data-widget_type=\"text-editor.default\">\n\t\t\t\t<div class=\"elementor-widget-container\">\n\t\t\t\t\t\t\t\t\t\n<p style=\"font-weight: 400;\">Unitat d\u2019Aran (PNA) recull el pensament de corrents progressistes en la lluita per l&#8217;emancipaci\u00f3 social respectant les creences personals i, amb aquesta ideologia, atendre la identitat de l\u2019Aran per obtenir per Aran les m\u00e9s altes cotes d\u2019autonomia respectant sempre l&#8217;opini\u00f3 de la majoria dels aranesos\/es.<\/p>\n<p style=\"font-weight: 400;\">Amb la visi\u00f3 d&#8217;afrontar els reptes canviants de la societat actual i amb la voluntat de trobar-hi respostes, Unitat d\u2019Aran (PNA) recull les bases de la democr\u00e0cia com un sistema obert a les opinions personals i individuals dels seus afiliats i afiliades i dels seus simpatitzants. Es basa en el debat democr\u00e0tic per buscar el consens. <\/p>\n<p style=\"font-weight: 400;\">Unitat d\u2019Aran (PNA) \u00e9s un partit sorgit de la voluntat unit\u00e0ria i constituent de homes i dones que tenen una ideologia comuna i comparteixen:<\/p>\n<ul>\n<li>Uns valors fonamentals comuns: la llibertat, la igualtat, la just\u00edcia social, la sostenibilitat, la solidaritat, la pau, i la defensa del b\u00e9 com\u00fa.<\/li>\n<li>Un projecte pol\u00edtic per Aran, per mantenir la identitat del nostre pa\u00eds i les majors quotes d\u2019autogovern i pel reconeixement efectiu, en tots els seus \u00e0mbits, dels drets nacionals i hist\u00f2rics que li pertanyen, aix\u00ed com per la conservaci\u00f3 i impuls de la llengua pr\u00f2pia d\u2019Aran i la seva cultura.<\/li>\n<li>La defensa de la igualtat de homes i dones.<\/li>\n<li>La necessitat de respondre als problemes socials que surtin en qualsevol moment dins de la nostra societat.<\/li>\n<li>La necessitat de facilitar la integraci\u00f3 social, cultural i ling\u00fc\u00edstica, per a tots els que viuen i treballen a Aran. Unitat d\u2019Aran (PNA) lluitar\u00e0 i treballar\u00e0 per a que les institucions facilitin els mitjans per a qu\u00e8 aquesta necessitat sigui una realitat. <\/li>\n<li>La idea d\u2019ordenar el territori per oferir a l&#8217;Aran una alta qualitat sostenible aix\u00ed com la cura i manteniment del patrimoni natural en tots els seus \u00e0mbits.<\/li>\n<li>El desig d&#8217;obrir Aran al m\u00f3n per tenir pres\u00e8ncia en tots els possibles \u00e0mbits.<\/li>\n<li>Un programa pol\u00edtic de reformes i accions que permetin avan\u00e7ar en la realitzaci\u00f3 d\u2019aquests objectius.<\/li>\n<\/ul>\n\t\t\t\t\t\t\t\t<\/div>\n\t\t\t\t<\/div>\n\t\t\t\t\t<\/div>\n\t\t<\/div>\n\t\t\t\t\t<\/div>\n\t\t<\/section>\n\t\t\t\t<\/div>\n\t\t","protected":false},"excerpt":{"rendered":"<p>Unitat d\u2019Aran (PNA) recull el pensament de corrents progressistes en la lluita per l&#8217;emancipaci\u00f3 social respectant les creences personals i, amb aquesta ideologia, atendre la identitat de l\u2019Aran per obtenir per Aran les m\u00e9s altes cotes d\u2019autonomia respectant sempre l&#8217;opini\u00f3 de la majoria dels aranesos\/es. Amb la visi\u00f3 d&#8217;afrontar els reptes canviants de la societat [&hellip;]<\/p>\n","protected":false},"author":1,"featured_media":0,"parent":12343,"menu_order":4,"comment_status":"closed","ping_status":"closed","template":"","meta":{"_acf_changed":false,"footnotes":""},"class_list":["post-12452","page","type-page","status-publish","hentry"],"acf":[],"yoast_head":"<!-- This site is optimized with the Yoast SEO plugin v27.4 - https:\/\/yoast.com\/product\/yoast-seo-wordpress\/ -->\n<title>Principis i valors - Unitat d&#039;Aran<\/title>\n<meta name=\"robots\" content=\"index, follow, max-snippet:-1, max-image-preview:large, max-video-preview:-1\" \/>\n<link rel=\"canonical\" href=\"https:\/\/unitatdaran.org\/ca\/que-es-ua\/principis-i-valors\/\" \/>\n<meta property=\"og:locale\" content=\"ca_ES\" \/>\n<meta property=\"og:type\" content=\"article\" \/>\n<meta property=\"og:title\" content=\"Principis i valors - Unitat d&#039;Aran\" \/>\n<meta property=\"og:description\" content=\"Unitat d\u2019Aran (PNA) recull el pensament de corrents progressistes en la lluita per l&#8217;emancipaci\u00f3 social respectant les creences personals i, amb aquesta ideologia, atendre la identitat de l\u2019Aran per obtenir per Aran les m\u00e9s altes cotes d\u2019autonomia respectant sempre l&#8217;opini\u00f3 de la majoria dels aranesos\/es. Amb la visi\u00f3 d&#8217;afrontar els reptes canviants de la societat [&hellip;]\" \/>\n<meta property=\"og:url\" content=\"https:\/\/unitatdaran.org\/ca\/que-es-ua\/principis-i-valors\/\" \/>\n<meta property=\"og:site_name\" content=\"Unitat d&#039;Aran\" \/>\n<meta property=\"article:publisher\" content=\"https:\/\/www.facebook.com\/UnitatAran\" \/>\n<meta property=\"article:modified_time\" content=\"2024-10-16T17:07:36+00:00\" \/>\n<meta name=\"twitter:card\" content=\"summary_large_image\" \/>\n<meta name=\"twitter:site\" content=\"@unitatdaran\" \/>\n<meta name=\"twitter:label1\" content=\"Temps estimat de lectura\" \/>\n\t<meta name=\"twitter:data1\" content=\"2 minuts\" \/>\n<script type=\"application\/ld+json\" class=\"yoast-schema-graph\">{\"@context\":\"https:\\\/\\\/schema.org\",\"@graph\":[{\"@type\":\"WebPage\",\"@id\":\"https:\\\/\\\/unitatdaran.org\\\/ca\\\/que-es-ua\\\/principis-i-valors\\\/\",\"url\":\"https:\\\/\\\/unitatdaran.org\\\/ca\\\/que-es-ua\\\/principis-i-valors\\\/\",\"name\":\"Principis i valors - Unitat d'Aran\",\"isPartOf\":{\"@id\":\"https:\\\/\\\/unitatdaran.org\\\/ca\\\/#website\"},\"datePublished\":\"2021-05-29T09:04:36+00:00\",\"dateModified\":\"2024-10-16T17:07:36+00:00\",\"breadcrumb\":{\"@id\":\"https:\\\/\\\/unitatdaran.org\\\/ca\\\/que-es-ua\\\/principis-i-valors\\\/#breadcrumb\"},\"inLanguage\":\"ca\",\"potentialAction\":[{\"@type\":\"ReadAction\",\"target\":[\"https:\\\/\\\/unitatdaran.org\\\/ca\\\/que-es-ua\\\/principis-i-valors\\\/\"]}]},{\"@type\":\"BreadcrumbList\",\"@id\":\"https:\\\/\\\/unitatdaran.org\\\/ca\\\/que-es-ua\\\/principis-i-valors\\\/#breadcrumb\",\"itemListElement\":[{\"@type\":\"ListItem\",\"position\":1,\"name\":\"Qu\u00e8 \u00e9s UA?\",\"item\":\"https:\\\/\\\/unitatdaran.org\\\/ca\\\/que-es-ua\\\/\"},{\"@type\":\"ListItem\",\"position\":2,\"name\":\"Principis i valors\"}]},{\"@type\":\"WebSite\",\"@id\":\"https:\\\/\\\/unitatdaran.org\\\/ca\\\/#website\",\"url\":\"https:\\\/\\\/unitatdaran.org\\\/ca\\\/\",\"name\":\"Unitat d'Aran\",\"description\":\" El nostre projecte \u00e9s Aran. Aran ets tu\",\"publisher\":{\"@id\":\"https:\\\/\\\/unitatdaran.org\\\/ca\\\/#organization\"},\"potentialAction\":[{\"@type\":\"SearchAction\",\"target\":{\"@type\":\"EntryPoint\",\"urlTemplate\":\"https:\\\/\\\/unitatdaran.org\\\/ca\\\/?s={search_term_string}\"},\"query-input\":{\"@type\":\"PropertyValueSpecification\",\"valueRequired\":true,\"valueName\":\"search_term_string\"}}],\"inLanguage\":\"ca\"},{\"@type\":\"Organization\",\"@id\":\"https:\\\/\\\/unitatdaran.org\\\/ca\\\/#organization\",\"name\":\"Unitat d'Aran\",\"url\":\"https:\\\/\\\/unitatdaran.org\\\/ca\\\/\",\"logo\":{\"@type\":\"ImageObject\",\"inLanguage\":\"ca\",\"@id\":\"https:\\\/\\\/unitatdaran.org\\\/ca\\\/#\\\/schema\\\/logo\\\/image\\\/\",\"url\":\"https:\\\/\\\/i0.wp.com\\\/unitatdaran.org\\\/wp-content\\\/uploads\\\/2021\\\/11\\\/logo.png?fit=2000%2C539&ssl=1\",\"contentUrl\":\"https:\\\/\\\/i0.wp.com\\\/unitatdaran.org\\\/wp-content\\\/uploads\\\/2021\\\/11\\\/logo.png?fit=2000%2C539&ssl=1\",\"width\":2000,\"height\":539,\"caption\":\"Unitat d'Aran\"},\"image\":{\"@id\":\"https:\\\/\\\/unitatdaran.org\\\/ca\\\/#\\\/schema\\\/logo\\\/image\\\/\"},\"sameAs\":[\"https:\\\/\\\/www.facebook.com\\\/UnitatAran\",\"https:\\\/\\\/x.com\\\/unitatdaran\",\"https:\\\/\\\/instagram.com\\\/unitataran\"]}]}<\/script>\n<!-- \/ Yoast SEO plugin. -->","yoast_head_json":{"title":"Principis i valors - Unitat d'Aran","robots":{"index":"index","follow":"follow","max-snippet":"max-snippet:-1","max-image-preview":"max-image-preview:large","max-video-preview":"max-video-preview:-1"},"canonical":"https:\/\/unitatdaran.org\/ca\/que-es-ua\/principis-i-valors\/","og_locale":"ca_ES","og_type":"article","og_title":"Principis i valors - Unitat d'Aran","og_description":"Unitat d\u2019Aran (PNA) recull el pensament de corrents progressistes en la lluita per l&#8217;emancipaci\u00f3 social respectant les creences personals i, amb aquesta ideologia, atendre la identitat de l\u2019Aran per obtenir per Aran les m\u00e9s altes cotes d\u2019autonomia respectant sempre l&#8217;opini\u00f3 de la majoria dels aranesos\/es. Amb la visi\u00f3 d&#8217;afrontar els reptes canviants de la societat [&hellip;]","og_url":"https:\/\/unitatdaran.org\/ca\/que-es-ua\/principis-i-valors\/","og_site_name":"Unitat d'Aran","article_publisher":"https:\/\/www.facebook.com\/UnitatAran","article_modified_time":"2024-10-16T17:07:36+00:00","twitter_card":"summary_large_image","twitter_site":"@unitatdaran","twitter_misc":{"Temps estimat de lectura":"2 minuts"},"schema":{"@context":"https:\/\/schema.org","@graph":[{"@type":"WebPage","@id":"https:\/\/unitatdaran.org\/ca\/que-es-ua\/principis-i-valors\/","url":"https:\/\/unitatdaran.org\/ca\/que-es-ua\/principis-i-valors\/","name":"Principis i valors - Unitat d'Aran","isPartOf":{"@id":"https:\/\/unitatdaran.org\/ca\/#website"},"datePublished":"2021-05-29T09:04:36+00:00","dateModified":"2024-10-16T17:07:36+00:00","breadcrumb":{"@id":"https:\/\/unitatdaran.org\/ca\/que-es-ua\/principis-i-valors\/#breadcrumb"},"inLanguage":"ca","potentialAction":[{"@type":"ReadAction","target":["https:\/\/unitatdaran.org\/ca\/que-es-ua\/principis-i-valors\/"]}]},{"@type":"BreadcrumbList","@id":"https:\/\/unitatdaran.org\/ca\/que-es-ua\/principis-i-valors\/#breadcrumb","itemListElement":[{"@type":"ListItem","position":1,"name":"Qu\u00e8 \u00e9s UA?","item":"https:\/\/unitatdaran.org\/ca\/que-es-ua\/"},{"@type":"ListItem","position":2,"name":"Principis i valors"}]},{"@type":"WebSite","@id":"https:\/\/unitatdaran.org\/ca\/#website","url":"https:\/\/unitatdaran.org\/ca\/","name":"Unitat d'Aran","description":" El nostre projecte \u00e9s Aran. Aran ets tu","publisher":{"@id":"https:\/\/unitatdaran.org\/ca\/#organization"},"potentialAction":[{"@type":"SearchAction","target":{"@type":"EntryPoint","urlTemplate":"https:\/\/unitatdaran.org\/ca\/?s={search_term_string}"},"query-input":{"@type":"PropertyValueSpecification","valueRequired":true,"valueName":"search_term_string"}}],"inLanguage":"ca"},{"@type":"Organization","@id":"https:\/\/unitatdaran.org\/ca\/#organization","name":"Unitat d'Aran","url":"https:\/\/unitatdaran.org\/ca\/","logo":{"@type":"ImageObject","inLanguage":"ca","@id":"https:\/\/unitatdaran.org\/ca\/#\/schema\/logo\/image\/","url":"https:\/\/i0.wp.com\/unitatdaran.org\/wp-content\/uploads\/2021\/11\/logo.png?fit=2000%2C539&ssl=1","contentUrl":"https:\/\/i0.wp.com\/unitatdaran.org\/wp-content\/uploads\/2021\/11\/logo.png?fit=2000%2C539&ssl=1","width":2000,"height":539,"caption":"Unitat d'Aran"},"image":{"@id":"https:\/\/unitatdaran.org\/ca\/#\/schema\/logo\/image\/"},"sameAs":["https:\/\/www.facebook.com\/UnitatAran","https:\/\/x.com\/unitatdaran","https:\/\/instagram.com\/unitataran"]}]}},"jetpack_sharing_enabled":true,"_links":{"self":[{"href":"https:\/\/unitatdaran.org\/ca\/wp-json\/wp\/v2\/pages\/12452","targetHints":{"allow":["GET"]}}],"collection":[{"href":"https:\/\/unitatdaran.org\/ca\/wp-json\/wp\/v2\/pages"}],"about":[{"href":"https:\/\/unitatdaran.org\/ca\/wp-json\/wp\/v2\/types\/page"}],"author":[{"embeddable":true,"href":"https:\/\/unitatdaran.org\/ca\/wp-json\/wp\/v2\/users\/1"}],"replies":[{"embeddable":true,"href":"https:\/\/unitatdaran.org\/ca\/wp-json\/wp\/v2\/comments?post=12452"}],"version-history":[{"count":1,"href":"https:\/\/unitatdaran.org\/ca\/wp-json\/wp\/v2\/pages\/12452\/revisions"}],"predecessor-version":[{"id":12453,"href":"https:\/\/unitatdaran.org\/ca\/wp-json\/wp\/v2\/pages\/12452\/revisions\/12453"}],"up":[{"embeddable":true,"href":"https:\/\/unitatdaran.org\/ca\/wp-json\/wp\/v2\/pages\/12343"}],"wp:attachment":[{"href":"https:\/\/unitatdaran.org\/ca\/wp-json\/wp\/v2\/media?parent=12452"}],"curies":[{"name":"wp","href":"https:\/\/api.w.org\/{rel}","templated":true}]}}